{"id":108,"date":"2023-11-24T09:44:45","date_gmt":"2023-11-24T09:44:45","guid":{"rendered":"https:\/\/ferenczyidaegyesulet.hu\/?page_id=108"},"modified":"2023-11-24T10:15:47","modified_gmt":"2023-11-24T10:15:47","slug":"esemenyek","status":"publish","type":"page","link":"https:\/\/ferenczyidaegyesulet.hu\/index.php\/esemenyek\/","title":{"rendered":"Esem\u00e9nyek"},"content":{"rendered":"\n<figure class=\"wp-block-image size-large\"><img loading=\"lazy\" decoding=\"async\" width=\"724\" height=\"1024\" src=\"https:\/\/ferenczyidaegyesulet.hu\/wp-content\/uploads\/2023\/11\/Erzsebet_csaszarne_konyvbemutato-724x1024.jpg\" alt=\"\" class=\"wp-image-109\" srcset=\"https:\/\/ferenczyidaegyesulet.hu\/wp-content\/uploads\/2023\/11\/Erzsebet_csaszarne_konyvbemutato-724x1024.jpg 724w, https:\/\/ferenczyidaegyesulet.hu\/wp-content\/uploads\/2023\/11\/Erzsebet_csaszarne_konyvbemutato-212x300.jpg 212w, https:\/\/ferenczyidaegyesulet.hu\/wp-content\/uploads\/2023\/11\/Erzsebet_csaszarne_konyvbemutato-768x1086.jpg 768w, https:\/\/ferenczyidaegyesulet.hu\/wp-content\/uploads\/2023\/11\/Erzsebet_csaszarne_konyvbemutato-1086x1536.jpg 1086w, https:\/\/ferenczyidaegyesulet.hu\/wp-content\/uploads\/2023\/11\/Erzsebet_csaszarne_konyvbemutato-1448x2048.jpg 1448w, https:\/\/ferenczyidaegyesulet.hu\/wp-content\/uploads\/2023\/11\/Erzsebet_csaszarne_konyvbemutato-scaled.jpg 1810w\" sizes=\"auto, (max-width: 724px) 100vw, 724px\" \/><\/figure>\n\n\n\n<figure class=\"wp-block-image size-large\"><img loading=\"lazy\" decoding=\"async\" width=\"1024\" height=\"536\" src=\"https:\/\/ferenczyidaegyesulet.hu\/wp-content\/uploads\/2023\/11\/Hiros-Szenior-Egyetem_20231108-1024x536.png\" alt=\"\" class=\"wp-image-110\" srcset=\"https:\/\/ferenczyidaegyesulet.hu\/wp-content\/uploads\/2023\/11\/Hiros-Szenior-Egyetem_20231108-1024x536.png 1024w, https:\/\/ferenczyidaegyesulet.hu\/wp-content\/uploads\/2023\/11\/Hiros-Szenior-Egyetem_20231108-300x157.png 300w, https:\/\/ferenczyidaegyesulet.hu\/wp-content\/uploads\/2023\/11\/Hiros-Szenior-Egyetem_20231108-768x402.png 768w, https:\/\/ferenczyidaegyesulet.hu\/wp-content\/uploads\/2023\/11\/Hiros-Szenior-Egyetem_20231108.png 1200w\" sizes=\"auto, (max-width: 1024px) 100vw, 1024px\" \/><\/figure>\n\n\n\n<p><strong>G\u00f6d\u00f6ll\u0151n j\u00e1rtunk 2023. okt\u00f3ber 26.<\/strong><\/p>\n\n\n\n<figure class=\"wp-block-gallery has-nested-images columns-default is-cropped wp-block-gallery-1 is-layout-flex wp-block-gallery-is-layout-flex\">\n<figure class=\"wp-block-image size-large\"><img loading=\"lazy\" decoding=\"async\" width=\"913\" height=\"930\" data-id=\"132\" src=\"https:\/\/ferenczyidaegyesulet.hu\/wp-content\/uploads\/2023\/11\/Godollo1.jpg\" alt=\"\" class=\"wp-image-132\" srcset=\"https:\/\/ferenczyidaegyesulet.hu\/wp-content\/uploads\/2023\/11\/Godollo1.jpg 913w, https:\/\/ferenczyidaegyesulet.hu\/wp-content\/uploads\/2023\/11\/Godollo1-295x300.jpg 295w, https:\/\/ferenczyidaegyesulet.hu\/wp-content\/uploads\/2023\/11\/Godollo1-768x782.jpg 768w\" sizes=\"auto, (max-width: 913px) 100vw, 913px\" \/><\/figure>\n\n\n\n<figure class=\"wp-block-image size-large\"><img loading=\"lazy\" decoding=\"async\" width=\"1024\" height=\"768\" data-id=\"133\" src=\"https:\/\/ferenczyidaegyesulet.hu\/wp-content\/uploads\/2023\/11\/Godollo2-1024x768.jpg\" alt=\"\" class=\"wp-image-133\" srcset=\"https:\/\/ferenczyidaegyesulet.hu\/wp-content\/uploads\/2023\/11\/Godollo2-1024x768.jpg 1024w, https:\/\/ferenczyidaegyesulet.hu\/wp-content\/uploads\/2023\/11\/Godollo2-300x225.jpg 300w, https:\/\/ferenczyidaegyesulet.hu\/wp-content\/uploads\/2023\/11\/Godollo2-768x576.jpg 768w, https:\/\/ferenczyidaegyesulet.hu\/wp-content\/uploads\/2023\/11\/Godollo2-1536x1152.jpg 1536w, https:\/\/ferenczyidaegyesulet.hu\/wp-content\/uploads\/2023\/11\/Godollo2-2048x1536.jpg 2048w\" sizes=\"auto, (max-width: 1024px) 100vw, 1024px\" \/><\/figure>\n\n\n\n<figure class=\"wp-block-image size-large\"><img loading=\"lazy\" decoding=\"async\" width=\"1024\" height=\"768\" data-id=\"134\" src=\"https:\/\/ferenczyidaegyesulet.hu\/wp-content\/uploads\/2023\/11\/Godollo3-1024x768.jpg\" alt=\"\" class=\"wp-image-134\" srcset=\"https:\/\/ferenczyidaegyesulet.hu\/wp-content\/uploads\/2023\/11\/Godollo3-1024x768.jpg 1024w, https:\/\/ferenczyidaegyesulet.hu\/wp-content\/uploads\/2023\/11\/Godollo3-300x225.jpg 300w, https:\/\/ferenczyidaegyesulet.hu\/wp-content\/uploads\/2023\/11\/Godollo3-768x576.jpg 768w, https:\/\/ferenczyidaegyesulet.hu\/wp-content\/uploads\/2023\/11\/Godollo3-1536x1152.jpg 1536w, https:\/\/ferenczyidaegyesulet.hu\/wp-content\/uploads\/2023\/11\/Godollo3-2048x1536.jpg 2048w\" sizes=\"auto, (max-width: 1024px) 100vw, 1024px\" \/><\/figure>\n\n\n\n<figure class=\"wp-block-image size-large\"><img loading=\"lazy\" decoding=\"async\" width=\"1024\" height=\"768\" data-id=\"135\" src=\"https:\/\/ferenczyidaegyesulet.hu\/wp-content\/uploads\/2023\/11\/Godollo4-1024x768.jpg\" alt=\"\" class=\"wp-image-135\" srcset=\"https:\/\/ferenczyidaegyesulet.hu\/wp-content\/uploads\/2023\/11\/Godollo4-1024x768.jpg 1024w, https:\/\/ferenczyidaegyesulet.hu\/wp-content\/uploads\/2023\/11\/Godollo4-300x225.jpg 300w, https:\/\/ferenczyidaegyesulet.hu\/wp-content\/uploads\/2023\/11\/Godollo4-768x576.jpg 768w, https:\/\/ferenczyidaegyesulet.hu\/wp-content\/uploads\/2023\/11\/Godollo4-1536x1152.jpg 1536w, https:\/\/ferenczyidaegyesulet.hu\/wp-content\/uploads\/2023\/11\/Godollo4-2048x1536.jpg 2048w\" sizes=\"auto, (max-width: 1024px) 100vw, 1024px\" \/><\/figure>\n\n\n\n<figure class=\"wp-block-image size-large\"><img loading=\"lazy\" decoding=\"async\" width=\"1024\" height=\"768\" data-id=\"136\" src=\"https:\/\/ferenczyidaegyesulet.hu\/wp-content\/uploads\/2023\/11\/Godollo5-1024x768.jpg\" alt=\"\" class=\"wp-image-136\" srcset=\"https:\/\/ferenczyidaegyesulet.hu\/wp-content\/uploads\/2023\/11\/Godollo5-1024x768.jpg 1024w, https:\/\/ferenczyidaegyesulet.hu\/wp-content\/uploads\/2023\/11\/Godollo5-300x225.jpg 300w, https:\/\/ferenczyidaegyesulet.hu\/wp-content\/uploads\/2023\/11\/Godollo5-768x576.jpg 768w, https:\/\/ferenczyidaegyesulet.hu\/wp-content\/uploads\/2023\/11\/Godollo5-1536x1152.jpg 1536w, https:\/\/ferenczyidaegyesulet.hu\/wp-content\/uploads\/2023\/11\/Godollo5-2048x1536.jpg 2048w\" sizes=\"auto, (max-width: 1024px) 100vw, 1024px\" \/><\/figure>\n\n\n\n<figure class=\"wp-block-image size-large\"><img loading=\"lazy\" decoding=\"async\" width=\"1024\" height=\"768\" data-id=\"137\" src=\"https:\/\/ferenczyidaegyesulet.hu\/wp-content\/uploads\/2023\/11\/Godollo6-1024x768.jpg\" alt=\"\" class=\"wp-image-137\" srcset=\"https:\/\/ferenczyidaegyesulet.hu\/wp-content\/uploads\/2023\/11\/Godollo6-1024x768.jpg 1024w, https:\/\/ferenczyidaegyesulet.hu\/wp-content\/uploads\/2023\/11\/Godollo6-300x225.jpg 300w, https:\/\/ferenczyidaegyesulet.hu\/wp-content\/uploads\/2023\/11\/Godollo6-768x576.jpg 768w, https:\/\/ferenczyidaegyesulet.hu\/wp-content\/uploads\/2023\/11\/Godollo6-1536x1152.jpg 1536w, https:\/\/ferenczyidaegyesulet.hu\/wp-content\/uploads\/2023\/11\/Godollo6-2048x1536.jpg 2048w\" sizes=\"auto, (max-width: 1024px) 100vw, 1024px\" \/><\/figure>\n<\/figure>\n","protected":false},"excerpt":{"rendered":"<p>G\u00f6d\u00f6ll\u0151n j\u00e1rtunk 2023. okt\u00f3ber 26.<\/p>\n","protected":false},"author":1,"featured_media":0,"parent":0,"menu_order":0,"comment_status":"closed","ping_status":"closed","template":"","meta":{"_themeisle_gutenberg_block_has_review":false,"footnotes":""},"class_list":["post-108","page","type-page","status-publish","hentry"],"_links":{"self":[{"href":"https:\/\/ferenczyidaegyesulet.hu\/index.php\/wp-json\/wp\/v2\/pages\/108","targetHints":{"allow":["GET"]}}],"collection":[{"href":"https:\/\/ferenczyidaegyesulet.hu\/index.php\/wp-json\/wp\/v2\/pages"}],"about":[{"href":"https:\/\/ferenczyidaegyesulet.hu\/index.php\/wp-json\/wp\/v2\/types\/page"}],"author":[{"embeddable":true,"href":"https:\/\/ferenczyidaegyesulet.hu\/index.php\/wp-json\/wp\/v2\/users\/1"}],"replies":[{"embeddable":true,"href":"https:\/\/ferenczyidaegyesulet.hu\/index.php\/wp-json\/wp\/v2\/comments?post=108"}],"version-history":[{"count":3,"href":"https:\/\/ferenczyidaegyesulet.hu\/index.php\/wp-json\/wp\/v2\/pages\/108\/revisions"}],"predecessor-version":[{"id":138,"href":"https:\/\/ferenczyidaegyesulet.hu\/index.php\/wp-json\/wp\/v2\/pages\/108\/revisions\/138"}],"wp:attachment":[{"href":"https:\/\/ferenczyidaegyesulet.hu\/index.php\/wp-json\/wp\/v2\/media?parent=108"}],"curies":[{"name":"wp","href":"https:\/\/api.w.org\/{rel}","templated":true}]}}